{"id":99,"date":"2016-12-28T10:46:55","date_gmt":"2016-12-28T10:46:55","guid":{"rendered":"http:\/\/hrflix.eu\/blog\/?page_id=99"},"modified":"2017-01-05T19:22:31","modified_gmt":"2017-01-05T18:22:31","slug":"rss-2","status":"publish","type":"page","link":"https:\/\/hrflix.eu\/blog\/rss-2\/","title":{"rendered":"RSS"},"content":{"rendered":"<p>Ukoliko \u017eelite primati obavijesti o novim naslovima i naslovima koji uskoro odlaze s Netflixa u Hrvatskoj, pretplatite se na na\u0161e RSS feedove.<\/p>\n<table>\n<tbody>\n<tr>\n<td width=\"32\"><a href=\"http:\/\/hrflix.eu\/rss\/novo.xml\"><img decoding=\"async\" loading=\"lazy\" src=\"\/img\/feed-icon.png\" alt=\"RSS feed icon\" width=\"28\" height=\"28\" \/><\/a><\/td>\n<td><a href=\"http:\/\/hrflix.eu\/rss\/novo.xml\">Novi naslovi<\/a><\/td>\n<\/tr>\n<tr>\n<td width=\"32\"><a href=\"http:\/\/hrflix.eu\/rss\/odlazi.xml\"><img decoding=\"async\" loading=\"lazy\" src=\"\/img\/feed-icon.png\" alt=\"RSS feed icon\" width=\"28\" height=\"28\" \/><\/a><\/td>\n<td><a href=\"http:\/\/hrflix.eu\/rss\/odlazi.xml\">Naslovi koji uskoro odlaze<\/a><\/td>\n<\/tr>\n<tr>\n<td width=\"32\"><a href=\"http:\/\/hrflix.eu\/blog\/rss\/\"><img decoding=\"async\" loading=\"lazy\" src=\"\/img\/feed-icon.png\" alt=\"RSS feed icon\" width=\"28\" height=\"28\" \/><\/a><\/td>\n<td><a href=\"http:\/\/hrflix.eu\/blog\/rss\/\">Novi \u010dlanci na blogu<\/a><\/td>\n<\/tr>\n<\/tbody>\n<\/table>\n","protected":false},"excerpt":{"rendered":"<p>Ukoliko \u017eelite primati obavijesti o novim naslovima i naslovima koji uskoro odlaze s Netflixa u Hrvatskoj, pretplatite se na na\u0161e RSS feedove. Novi naslovi Naslovi koji uskoro odlaze Novi \u010dlanci na blogu<\/p>\n","protected":false},"author":1,"featured_media":0,"parent":0,"menu_order":0,"comment_status":"closed","ping_status":"closed","template":"","meta":{"footnotes":""},"_links":{"self":[{"href":"https:\/\/hrflix.eu\/blog\/wp-json\/wp\/v2\/pages\/99"}],"collection":[{"href":"https:\/\/hrflix.eu\/blog\/wp-json\/wp\/v2\/pages"}],"about":[{"href":"https:\/\/hrflix.eu\/blog\/wp-json\/wp\/v2\/types\/page"}],"author":[{"embeddable":true,"href":"https:\/\/hrflix.eu\/blog\/wp-json\/wp\/v2\/users\/1"}],"replies":[{"embeddable":true,"href":"https:\/\/hrflix.eu\/blog\/wp-json\/wp\/v2\/comments?post=99"}],"version-history":[{"count":4,"href":"https:\/\/hrflix.eu\/blog\/wp-json\/wp\/v2\/pages\/99\/revisions"}],"predecessor-version":[{"id":139,"href":"https:\/\/hrflix.eu\/blog\/wp-json\/wp\/v2\/pages\/99\/revisions\/139"}],"wp:attachment":[{"href":"https:\/\/hrflix.eu\/blog\/wp-json\/wp\/v2\/media?parent=99"}],"curies":[{"name":"wp","href":"https:\/\/api.w.org\/{rel}","templated":true}]}}